{"id":393,"date":"2025-05-22T21:15:23","date_gmt":"2025-05-22T21:15:23","guid":{"rendered":"https:\/\/www.crsoluciones.com\/Tienda\/?post_type=product&#038;p=393"},"modified":"2025-06-02T15:51:34","modified_gmt":"2025-06-02T15:51:34","slug":"bio-autentika-registro-movil","status":"publish","type":"product","link":"https:\/\/www.crsoluciones.com\/Tienda\/product\/bio-autentika-registro-movil\/","title":{"rendered":"Bio-Autentika\u00ae BD M\u00f3vil"},"content":{"rendered":"<p>Es otro producto de la familia y consiste en una aplicaci\u00f3n que permite el control de los visitantes a sus instalaciones en equipos m\u00f3viles, esto se logra mediante el registro automatizado de las entradas y salidas por medio de dispositivo o celular.\u00a0 Tambi\u00e9n incluyen campos configurables para el registro de cualquier otro dato importante en la gesti\u00f3n, tal como lugar y persona a visitar, si viene en veh\u00edculo o bien la asignaci\u00f3n de un gafete especifico.<\/p>\n<p>Esta versi\u00f3n permite la toma de fotograf\u00edas al visitante y\/o al veh\u00edculo, y agrega estas im\u00e1genes al registro de cada entrada, manteniendo los datos de registro almacenados en la nube.<\/p>\n","protected":false},"excerpt":{"rendered":"<p>Es otro producto de la familia y consiste en una aplicaci\u00f3n que permite el control de los visitantes a sus instalaciones en equipos m\u00f3viles, esto se logra mediante el registro automatizado de las entradas y salidas por medio de dispositivo o celular.<\/p>\n","protected":false},"featured_media":102,"template":"","meta":{"_coblocks_attr":"","_coblocks_dimensions":"","_coblocks_responsive_height":"","_coblocks_accordion_ie_support":""},"product_cat":[24],"product_tag":[],"_links":{"self":[{"href":"https:\/\/www.crsoluciones.com\/Tienda\/wp-json\/wp\/v2\/product\/393"}],"collection":[{"href":"https:\/\/www.crsoluciones.com\/Tienda\/wp-json\/wp\/v2\/product"}],"about":[{"href":"https:\/\/www.crsoluciones.com\/Tienda\/wp-json\/wp\/v2\/types\/product"}],"wp:featuredmedia":[{"embeddable":true,"href":"https:\/\/www.crsoluciones.com\/Tienda\/wp-json\/wp\/v2\/media\/102"}],"wp:attachment":[{"href":"https:\/\/www.crsoluciones.com\/Tienda\/wp-json\/wp\/v2\/media?parent=393"}],"wp:term":[{"taxonomy":"product_cat","embeddable":true,"href":"https:\/\/www.crsoluciones.com\/Tienda\/wp-json\/wp\/v2\/product_cat?post=393"},{"taxonomy":"product_tag","embeddable":true,"href":"https:\/\/www.crsoluciones.com\/Tienda\/wp-json\/wp\/v2\/product_tag?post=393"}],"curies":[{"name":"wp","href":"https:\/\/api.w.org\/{rel}","templated":true}]}}