{"id":407,"date":"2025-06-02T11:55:50","date_gmt":"2025-06-02T11:55:50","guid":{"rendered":"https:\/\/www.crsoluciones.com\/Tienda\/?post_type=product&#038;p=407"},"modified":"2025-06-02T11:58:33","modified_gmt":"2025-06-02T11:58:33","slug":"lector-omnikey-3021-hid","status":"publish","type":"product","link":"https:\/\/www.crsoluciones.com\/Tienda\/product\/lector-omnikey-3021-hid\/","title":{"rendered":"Lector Omnikey 3021 HID"},"content":{"rendered":"<p>El lector OMNIKEY 3021 es un dispositivo\u00a0<strong>port\u00e1til, atractivo<\/strong>\u00a0y\u00a0<strong>de dise\u00f1o elegante\u00a0<\/strong>, que se puede usar en todas las operaciones con tarjetas inteligentes de contacto, como la banca en l\u00ednea o aplicaciones de firma digital. \u00a1Es tan\u00a0<strong>peque\u00f1o\u00a0<\/strong>que cabe en un sobre!<\/p>\n","protected":false},"excerpt":{"rendered":"<p><strong>Principales beneficios<\/strong><\/p>\n<ul>\n<li><strong>Compatible con cualquier tarjeta inteligente:<\/strong>\u00a0puede ser distribuido f\u00e1cilmente junto con cualquier tarjeta inteligente, ya sea de cr\u00e9dito, de identificaci\u00f3n electr\u00f3nica o software para aplicaciones de banca en l\u00ednea.<\/li>\n<li><strong>F\u00e1cil de instalar<\/strong>: gracias a su soporte de USB CCID, puede integrarlo f\u00e1cilmente en un sistema existente conectando el dispositivo anfitri\u00f3n y el lector de tarjetas inteligentes. \u00a1No hay necesidad de controladores adicionales!<\/li>\n<li><strong>Cumple con las normativas<\/strong>: se puede integrar sin problemas en un entorno de PC, ya que est\u00e1 equipado para cumplir con los principales est\u00e1ndares de la industria.<\/li>\n<li><strong>Presentaci\u00f3n port\u00e1til<\/strong>: su tama\u00f1o \u00fanico lo convierte en un lector ideal para implementaciones a gran escala y distribuci\u00f3n masiva.<\/li>\n<li><strong>Adecuado para cualquier aplicaci\u00f3n<\/strong>: es compatible con casi todos los tipos de tarjetas inteligentes de contacto, software de aplicaci\u00f3n y sistemas operativos de PC.<\/li>\n<\/ul>\n","protected":false},"featured_media":409,"template":"","meta":{"_coblocks_attr":"","_coblocks_dimensions":"","_coblocks_responsive_height":"","_coblocks_accordion_ie_support":""},"product_cat":[26],"product_tag":[],"_links":{"self":[{"href":"https:\/\/www.crsoluciones.com\/Tienda\/wp-json\/wp\/v2\/product\/407"}],"collection":[{"href":"https:\/\/www.crsoluciones.com\/Tienda\/wp-json\/wp\/v2\/product"}],"about":[{"href":"https:\/\/www.crsoluciones.com\/Tienda\/wp-json\/wp\/v2\/types\/product"}],"wp:featuredmedia":[{"embeddable":true,"href":"https:\/\/www.crsoluciones.com\/Tienda\/wp-json\/wp\/v2\/media\/409"}],"wp:attachment":[{"href":"https:\/\/www.crsoluciones.com\/Tienda\/wp-json\/wp\/v2\/media?parent=407"}],"wp:term":[{"taxonomy":"product_cat","embeddable":true,"href":"https:\/\/www.crsoluciones.com\/Tienda\/wp-json\/wp\/v2\/product_cat?post=407"},{"taxonomy":"product_tag","embeddable":true,"href":"https:\/\/www.crsoluciones.com\/Tienda\/wp-json\/wp\/v2\/product_tag?post=407"}],"curies":[{"name":"wp","href":"https:\/\/api.w.org\/{rel}","templated":true}]}}