{"id":88,"date":"2021-05-14T17:44:43","date_gmt":"2021-05-14T17:44:43","guid":{"rendered":"http:\/\/www.crsoluciones.com\/Tienda\/?post_type=product&#038;p=88"},"modified":"2024-08-26T16:27:31","modified_gmt":"2024-08-26T16:27:31","slug":"tableta-de-captura-de-firma-electronica-serie-t-l460","status":"publish","type":"product","link":"https:\/\/www.crsoluciones.com\/Tienda\/product\/tableta-de-captura-de-firma-electronica-serie-t-l460\/","title":{"rendered":"Tableta de captura de firma electr\u00f3nica Serie T-L460"},"content":{"rendered":"<p id=\"tw-target-text\" class=\"tw-data-text tw-text-large XcVN5d tw-ta\" dir=\"ltr\" data-placeholder=\"Traducci\u00f3n\"><span class=\"Y2IQFc\" lang=\"es\">SigLite\u00ae LCD 1&#215;5 es la almohadilla de firma electr\u00f3nica LCD sensible a la presi\u00f3n (4.4 \u201dW x 1.3\u201d L) de menor costo de Topaz que muestra \u00abtinta electr\u00f3nica\u00bb debajo de la punta del l\u00e1piz durante la firma.\u00a0 Cuenta con todas las capturas biom\u00e9tricas y forenses de alta calidad t\u00e9cnicas de una almohadilla LCD SignatureGem\u00ae pero con una pantalla t\u00e1ctil y un l\u00e1piz de menor costo en lugar de la superficie de vidrio templado LCD m\u00e1s duradera y el l\u00e1piz digitalizador.<\/span><\/p>\n<p dir=\"ltr\" data-placeholder=\"Traducci\u00f3n\">\n","protected":false},"excerpt":{"rendered":"<p id=\"tw-target-text\" class=\"tw-data-text tw-text-large XcVN5d tw-ta\" dir=\"ltr\" data-placeholder=\"Traducci\u00f3n\"><span class=\"Y2IQFc\" lang=\"es\">El Topaz SigLite\u00ae LCD 1&#215;5 es una peque\u00f1a\u00a0<\/span><span style=\"font-size: 16px; font-style: normal; font-weight: 400;\">almohadilla de captura de <\/span><span style=\"font-size: 16px;\">firma electr\u00f3nica\u00a0 con LCD transflectiva que muestra \u00abelectr\u00f3nica tinta \u201ddebajo de la punta del l\u00e1piz durante la firma.<\/span><\/p>\n<p dir=\"ltr\" data-placeholder=\"Traducci\u00f3n\">Para obtener la ficha t\u00e9cnica presione <strong><a href=\"https:\/\/www.crsoluciones.com\/CR_Site2\/wp-content\/uploads\/2020\/07\/TOPAZ-T-LBK-460.pdf\">aqu\u00ed<\/a><\/strong>.<\/p>\n<p>&nbsp;<\/p>\n<p>&nbsp;<\/p>\n","protected":false},"featured_media":104,"template":"","meta":{"_coblocks_attr":"","_coblocks_dimensions":"","_coblocks_responsive_height":"","_coblocks_accordion_ie_support":""},"product_cat":[22],"product_tag":[],"_links":{"self":[{"href":"https:\/\/www.crsoluciones.com\/Tienda\/wp-json\/wp\/v2\/product\/88"}],"collection":[{"href":"https:\/\/www.crsoluciones.com\/Tienda\/wp-json\/wp\/v2\/product"}],"about":[{"href":"https:\/\/www.crsoluciones.com\/Tienda\/wp-json\/wp\/v2\/types\/product"}],"wp:featuredmedia":[{"embeddable":true,"href":"https:\/\/www.crsoluciones.com\/Tienda\/wp-json\/wp\/v2\/media\/104"}],"wp:attachment":[{"href":"https:\/\/www.crsoluciones.com\/Tienda\/wp-json\/wp\/v2\/media?parent=88"}],"wp:term":[{"taxonomy":"product_cat","embeddable":true,"href":"https:\/\/www.crsoluciones.com\/Tienda\/wp-json\/wp\/v2\/product_cat?post=88"},{"taxonomy":"product_tag","embeddable":true,"href":"https:\/\/www.crsoluciones.com\/Tienda\/wp-json\/wp\/v2\/product_tag?post=88"}],"curies":[{"name":"wp","href":"https:\/\/api.w.org\/{rel}","templated":true}]}}