{"id":93,"date":"2021-05-14T17:44:44","date_gmt":"2021-05-14T17:44:44","guid":{"rendered":"http:\/\/www.crsoluciones.com\/Tienda\/?post_type=product&#038;p=93"},"modified":"2025-06-02T15:35:43","modified_gmt":"2025-06-02T15:35:43","slug":"bio-autentika-registro-s-bd-s-imagenes","status":"publish","type":"product","link":"https:\/\/www.crsoluciones.com\/Tienda\/product\/bio-autentika-registro-s-bd-s-imagenes\/","title":{"rendered":"Bio-Autentika\u00ae Registro (s\/BD s\/im\u00e1genes)"},"content":{"rendered":"<p>Licencia para extracci\u00f3n de datos de la c\u00e9dula de identidad costarricense \/ pasaportes y Dimex<\/p>\n","protected":false},"excerpt":{"rendered":"<p>Licencia para extracci\u00f3n de datos de la c\u00e9dula de identidad costarricense \/ pasaportes y Dimex<\/p>\n","protected":false},"featured_media":114,"template":"","meta":{"_coblocks_attr":"","_coblocks_dimensions":"","_coblocks_responsive_height":"","_coblocks_accordion_ie_support":""},"product_cat":[5],"product_tag":[],"_links":{"self":[{"href":"https:\/\/www.crsoluciones.com\/Tienda\/wp-json\/wp\/v2\/product\/93"}],"collection":[{"href":"https:\/\/www.crsoluciones.com\/Tienda\/wp-json\/wp\/v2\/product"}],"about":[{"href":"https:\/\/www.crsoluciones.com\/Tienda\/wp-json\/wp\/v2\/types\/product"}],"wp:featuredmedia":[{"embeddable":true,"href":"https:\/\/www.crsoluciones.com\/Tienda\/wp-json\/wp\/v2\/media\/114"}],"wp:attachment":[{"href":"https:\/\/www.crsoluciones.com\/Tienda\/wp-json\/wp\/v2\/media?parent=93"}],"wp:term":[{"taxonomy":"product_cat","embeddable":true,"href":"https:\/\/www.crsoluciones.com\/Tienda\/wp-json\/wp\/v2\/product_cat?post=93"},{"taxonomy":"product_tag","embeddable":true,"href":"https:\/\/www.crsoluciones.com\/Tienda\/wp-json\/wp\/v2\/product_tag?post=93"}],"curies":[{"name":"wp","href":"https:\/\/api.w.org\/{rel}","templated":true}]}}