{"id":95,"date":"2021-05-14T17:44:44","date_gmt":"2021-05-14T17:44:44","guid":{"rendered":"http:\/\/www.crsoluciones.com\/Tienda\/?post_type=product&#038;p=95"},"modified":"2024-08-26T16:17:33","modified_gmt":"2024-08-26T16:17:33","slug":"lector-de-huellas-u-are-u-5300","status":"publish","type":"product","link":"https:\/\/www.crsoluciones.com\/Tienda\/product\/lector-de-huellas-u-are-u-5300\/","title":{"rendered":"Lector de Huellas U.are.U 5300"},"content":{"rendered":"<p>U.are.U 5300 de Crossmatch es un compacto lector \u00f3ptico de huella digital individual que se adec\u00faa a los est\u00e1ndares FIPS 201\/PIV y FBI Mobile ID FAP 30.\u00a0 El lector est\u00e1 dise\u00f1ado para adecuarse a requerimientos de alto volumen en aplicaciones de enrolamiento y autenticaci\u00f3n para identificaci\u00f3n comercial o civil.\u00a0 Incorpora una amplia y durable superficie de vidrio con nivel de protecci\u00f3n IP64 que es altamente resistente a da\u00f1os qu\u00edmicos y f\u00edsicos, lo que hace a U.are.U 5300 adecuado para uso en entornos con condiciones ambientales complejas.<\/p>\n","protected":false},"excerpt":{"rendered":"<p>Lector homologado por el Tribunal Supremo de Elecciones para uso con servicio VID \/ Racsa.<\/p>\n<p>Para obtener la ficha t\u00e9cnica presione <strong><a href=\"https:\/\/www.crsoluciones.com\/CR_Site2\/wp-content\/uploads\/2020\/03\/UareU_5300_espa%C3%B1ol.pdf\">aqu\u00ed<\/a><\/strong>.<\/p>\n","protected":false},"featured_media":255,"template":"","meta":{"_coblocks_attr":"","_coblocks_dimensions":"","_coblocks_responsive_height":"","_coblocks_accordion_ie_support":""},"product_cat":[21],"product_tag":[],"_links":{"self":[{"href":"https:\/\/www.crsoluciones.com\/Tienda\/wp-json\/wp\/v2\/product\/95"}],"collection":[{"href":"https:\/\/www.crsoluciones.com\/Tienda\/wp-json\/wp\/v2\/product"}],"about":[{"href":"https:\/\/www.crsoluciones.com\/Tienda\/wp-json\/wp\/v2\/types\/product"}],"wp:featuredmedia":[{"embeddable":true,"href":"https:\/\/www.crsoluciones.com\/Tienda\/wp-json\/wp\/v2\/media\/255"}],"wp:attachment":[{"href":"https:\/\/www.crsoluciones.com\/Tienda\/wp-json\/wp\/v2\/media?parent=95"}],"wp:term":[{"taxonomy":"product_cat","embeddable":true,"href":"https:\/\/www.crsoluciones.com\/Tienda\/wp-json\/wp\/v2\/product_cat?post=95"},{"taxonomy":"product_tag","embeddable":true,"href":"https:\/\/www.crsoluciones.com\/Tienda\/wp-json\/wp\/v2\/product_tag?post=95"}],"curies":[{"name":"wp","href":"https:\/\/api.w.org\/{rel}","templated":true}]}}